{"id":907,"date":"2023-10-03T11:57:05","date_gmt":"2023-10-03T10:57:05","guid":{"rendered":"https:\/\/dakotatexmex.com\/?page_id=907"},"modified":"2025-09-23T11:35:39","modified_gmt":"2025-09-23T10:35:39","slug":"empleo","status":"publish","type":"page","link":"https:\/\/dakotatexmex.com\/en\/empleo","title":{"rendered":"OUR TEAM"},"content":{"rendered":"<div data-elementor-type=\"wp-page\" data-elementor-id=\"907\" class=\"elementor elementor-907\" data-elementor-post-type=\"page\">\n\t\t\t\t<div class=\"elementor-element elementor-element-35dcab9 e-con-full e-flex e-con e-parent\" data-id=\"35dcab9\" data-element_type=\"container\" data-e-type=\"container\" data-settings=\"{&quot;background_background&quot;:&quot;video&quot;,&quot;background_video_link&quot;:&quot;https:\\\/\\\/dakotatexmex.com\\\/wp-content\\\/uploads\\\/2025\\\/09\\\/202509231047-4.mp4&quot;,&quot;background_play_on_mobile&quot;:&quot;yes&quot;,&quot;background_video_start&quot;:0}\">\n\t\t<div class=\"elementor-background-video-container\">\n\t\t\t\t\t\t\t<video class=\"elementor-background-video-hosted\" role=\"presentation\" autoplay muted playsinline loop><\/video>\n\t\t\t\t\t<\/div>\t\t<\/div>\n\t\t<div class=\"elementor-element elementor-element-7203acb e-flex e-con-boxed e-con e-parent\" data-id=\"7203acb\" data-element_type=\"container\" data-e-type=\"container\">\n\t\t\t\t\t<div class=\"e-con-inner\">\n\t\t\t\t<div class=\"elementor-element elementor-element-74447f4 elementor-widget elementor-widget-heading\" data-id=\"74447f4\" data-element_type=\"widget\" data-e-type=\"widget\" data-widget_type=\"heading.default\">\n\t\t\t\t<div class=\"elementor-widget-container\">\n\t\t\t\t\t<h3 class=\"elementor-heading-title elementor-size-default\">JOIN THE DAKOTA FAMILY<\/h3>\t\t\t\t<\/div>\n\t\t\t\t<\/div>\n\t\t\t\t<div class=\"elementor-element elementor-element-8c98591 elementor-widget elementor-widget-text-editor\" data-id=\"8c98591\" data-element_type=\"widget\" data-e-type=\"widget\" data-widget_type=\"text-editor.default\">\n\t\t\t\t<div class=\"elementor-widget-container\">\n\t\t\t\t\t\t\t\t\t<p>Passion for good work is the hallmark of our teams.<\/p><p>We want your career at Dakota Tex Mex to be more than just a job: a source of possibilities and development. That is why we make it our mission to ensure that every member of our teams feels integrated, recognised and motivated.<\/p><p>Dakota Tex Mex is part of Grupo Boulevard, here you will find a family atmosphere where you can be part of innovative and unique projects. Are you ready to develop your professional career?<\/p>\t\t\t\t\t\t\t\t<\/div>\n\t\t\t\t<\/div>\n\t\t\t\t<div class=\"elementor-element elementor-element-f85c678 elementor-align-left elementor-widget elementor-widget-button\" data-id=\"f85c678\" data-element_type=\"widget\" data-e-type=\"widget\" data-widget_type=\"button.default\">\n\t\t\t\t<div class=\"elementor-widget-container\">\n\t\t\t\t\t\t\t\t\t<div class=\"elementor-button-wrapper\">\n\t\t\t\t\t<a class=\"elementor-button elementor-button-link elementor-size-sm\" href=\"https:\/\/grupoboulevard.com\/corp\/talento\/\">\n\t\t\t\t\t\t<span class=\"elementor-button-content-wrapper\">\n\t\t\t\t\t\t\t\t\t<span class=\"elementor-button-text\">Join now! Send us your CV<\/span>\n\t\t\t\t\t<\/span>\n\t\t\t\t\t<\/a>\n\t\t\t\t<\/div>\n\t\t\t\t\t\t\t\t<\/div>\n\t\t\t\t<\/div>\n\t\t\t\t\t<\/div>\n\t\t\t\t<\/div>\n\t\t<div class=\"elementor-element elementor-element-8c6c662 e-con-full e-flex e-con e-parent\" data-id=\"8c6c662\" data-element_type=\"container\" data-e-type=\"container\" data-settings=\"{&quot;background_background&quot;:&quot;classic&quot;}\">\n\t\t\t\t<\/div>\n\t\t<div class=\"elementor-element elementor-element-462420b e-con-full e-flex e-con e-parent\" data-id=\"462420b\" data-element_type=\"container\" data-e-type=\"container\" data-settings=\"{&quot;background_background&quot;:&quot;classic&quot;}\">\n\t\t\t\t<div class=\"elementor-element elementor-element-9f79771 elementor-widget elementor-widget-html\" data-id=\"9f79771\" data-element_type=\"widget\" data-e-type=\"widget\" data-widget_type=\"html.default\">\n\t\t\t\t<div class=\"elementor-widget-container\">\n\t\t\t\t\t<!DOCTYPE html>\n<html lang=\"en\">\n<head>\n    <meta charset=\"UTF-8\">\n    <meta name=\"viewport\" content=\"width=device-width, initial-scale=1.0\">\n    <title>Swiper Example<\/title>\n    \n    <!-- Incluye la biblioteca Swiper.js desde la URL proporcionada -->\n    <script src=\"https:\/\/cdnjs.cloudflare.com\/ajax\/libs\/Swiper\/5.4.5\/js\/swiper.min.js\"><\/script>\n    <link rel=\"stylesheet\" href=\"https:\/\/cdnjs.cloudflare.com\/ajax\/libs\/Swiper\/5.4.5\/css\/swiper.min.css\">\n<\/head>\n<body>\n    <section>\n        <div class=\"swiper-container swiper--top\">\n            <div class=\"swiper-wrapper\">\n                <div class=\"swiper-slide genuine-ribs\">BOULEVARD GROUP<\/div>\n                <div class=\"swiper-slide white-text\">* GENUINE TEAMS *<span class=\"dot\"><\/span><\/div>\n                <div class=\"swiper-slide white-text\">DAKOTA TEX MEX *<\/div>\n            <\/div>\n        <\/div>\n    <\/section>\n\n    <style>\n        html {\n            font-size: 10px;\n        }\n\n        body {\n            font-size: 18px;\n            overflow-x: hidden;\n        }\n\n        section {\n            padding: 0px 0;\n        }\n\n        h2 {\n            font-size: 32px;\n            text-align: center;\n            margin-bottom: 0px;\n            font-weight: bold;\n        }\n\n        .swiper-container {\n            width: 100%;\n            height: 100%;\n            position: relative;\n            margin-bottom: 0px;\n        }\n\n        .swiper-wrapper {\n            -webkit-transition-timing-function: linear !important;\n            transition-timing-function: linear !important;\n            position: relative;\n        }\n\n        .swiper-slide {\n            text-align: center;\n            font-size: 80px;\n            background: transparent; \/* Fondo transparente *\/\n            color: black; \/* Texto negro por defecto *\/\n            display: flex;\n            justify-content: center;\n            align-items: center;\n            width: auto;\n            position: relative;\n            overflow: hidden;\n            padding: 0 10px;\n            font-family: 'Geoslab', sans-serif;\n        }\n\n        \/* Estilo para el texto \"GENUINE RIBS\" *\/\n        .genuine-ribs {\n            -webkit-text-stroke: 2px white; \/* Trazo blanco de 2 p\u00edxeles *\/\n        }\n\n        \/* Estilo para el texto \"SMASH BURGER\" y \"TEX MEX\" en blanco *\/\n        .white-text {\n            color: white; \/* Cambiamos el color del texto a blanco *\/\n        }\n\n        \/* Estilo para el punto en rojo *\/\n        .dot {\n            font-size: 60px;\n            color: red; \/* Cambiamos el color del punto a rojo *\/\n        }\n\n        \/* Media Query para reducir el tama\u00f1o de fuente en dispositivos m\u00f3viles *\/\n        @media (max-width: 768px) {\n            .swiper-slide {\n                font-size: 40px; \/* Tama\u00f1o de fuente m\u00e1s peque\u00f1o para dispositivos m\u00f3viles *\/\n            }\n        }\n    <\/style>\n\n    <script>\n        let SwiperTop = new Swiper('.swiper--top', {\n            spaceBetween: 10,\n            centeredSlides: true,\n            loop: true,\n            slidesPerView: 'auto',\n            autoplay: {\n                delay: 0,\n            },\n            speed: 15000,\n            allowTouchMove: false,\n            disableOnInteraction: false,\n        });\n    <\/script>\n<\/body>\n<\/html>\n\t\t\t\t<\/div>\n\t\t\t\t<\/div>\n\t\t\t\t<\/div>\n\t\t\t\t<\/div>","protected":false},"excerpt":{"rendered":"<p>\u00daNETE A LA FAMILIA DAKOTA La pasio\u0301n por el buen hacer es la insignia de nuestros equipos. Queremos que tu carrera en Dakota Tex Mex sea m\u00e1s que un trabajo: una fuente de posibilidades y desarrollo. Por ello, asumimos la misio\u0301n de garantizar que cada integrante en nuestros equipos se sienta integrado, reconocido y motivado. [&hellip;]<\/p>\n","protected":false},"author":2,"featured_media":0,"parent":0,"menu_order":0,"comment_status":"closed","ping_status":"closed","template":"","meta":{"footnotes":""},"class_list":["post-907","page","type-page","status-publish","hentry"],"_links":{"self":[{"href":"https:\/\/dakotatexmex.com\/en\/wp-json\/wp\/v2\/pages\/907","targetHints":{"allow":["GET"]}}],"collection":[{"href":"https:\/\/dakotatexmex.com\/en\/wp-json\/wp\/v2\/pages"}],"about":[{"href":"https:\/\/dakotatexmex.com\/en\/wp-json\/wp\/v2\/types\/page"}],"author":[{"embeddable":true,"href":"https:\/\/dakotatexmex.com\/en\/wp-json\/wp\/v2\/users\/2"}],"replies":[{"embeddable":true,"href":"https:\/\/dakotatexmex.com\/en\/wp-json\/wp\/v2\/comments?post=907"}],"version-history":[{"count":130,"href":"https:\/\/dakotatexmex.com\/en\/wp-json\/wp\/v2\/pages\/907\/revisions"}],"predecessor-version":[{"id":3245,"href":"https:\/\/dakotatexmex.com\/en\/wp-json\/wp\/v2\/pages\/907\/revisions\/3245"}],"wp:attachment":[{"href":"https:\/\/dakotatexmex.com\/en\/wp-json\/wp\/v2\/media?parent=907"}],"curies":[{"name":"wp","href":"https:\/\/api.w.org\/{rel}","templated":true}]}}