{"id":952,"date":"2023-10-03T12:54:52","date_gmt":"2023-10-03T11:54:52","guid":{"rendered":"https:\/\/dakotatexmex.com\/?page_id=952"},"modified":"2025-09-29T11:32:07","modified_gmt":"2025-09-29T10:32:07","slug":"grupo-boulevard","status":"publish","type":"page","link":"https:\/\/dakotatexmex.com\/en\/grupo-boulevard","title":{"rendered":"Boulevard Group"},"content":{"rendered":"<div data-elementor-type=\"wp-page\" data-elementor-id=\"952\" class=\"elementor elementor-952\" data-elementor-post-type=\"page\">\n\t\t\t\t<div class=\"elementor-element elementor-element-914fa12 e-con-full e-flex e-con e-parent\" data-id=\"914fa12\" data-element_type=\"container\" data-e-type=\"container\" data-settings=\"{&quot;background_background&quot;:&quot;classic&quot;}\">\n\t\t<div class=\"elementor-element elementor-element-32ba02d e-con-full e-flex e-con e-child\" data-id=\"32ba02d\" data-element_type=\"container\" data-e-type=\"container\">\n\t\t\t\t<\/div>\n\t\t\t\t<\/div>\n\t\t<div class=\"elementor-element elementor-element-7b0eceb e-flex e-con-boxed e-con e-parent\" data-id=\"7b0eceb\" data-element_type=\"container\" data-e-type=\"container\">\n\t\t\t\t\t<div class=\"e-con-inner\">\n\t\t\t\t<div class=\"elementor-element elementor-element-fd6ac6b elementor-widget elementor-widget-heading\" data-id=\"fd6ac6b\" data-element_type=\"widget\" data-e-type=\"widget\" data-widget_type=\"heading.default\">\n\t\t\t\t<div class=\"elementor-widget-container\">\n\t\t\t\t\t<h3 class=\"elementor-heading-title elementor-size-default\">DAKOTA TEX MEX IS PART OF GRUPO BOULEVARD<\/h3>\t\t\t\t<\/div>\n\t\t\t\t<\/div>\n\t\t\t\t<div class=\"elementor-element elementor-element-e7f9448 elementor-widget elementor-widget-text-editor\" data-id=\"e7f9448\" data-element_type=\"widget\" data-e-type=\"widget\" data-widget_type=\"text-editor.default\">\n\t\t\t\t<div class=\"elementor-widget-container\">\n\t\t\t\t\t\t\t\t\t<p data-start=\"218\" data-end=\"477\">The story of Dakota Tex Mex began in 1993, with the help of a Mallorcan family and a dream: to create an authentic American themed restaurant, with the essence and flavour of the other side of the Atlantic, but always faithful to the best local products.<\/p><p data-start=\"479\" data-end=\"716\">Behind Dakota is also <strong data-start=\"509\" data-end=\"528\">Boulevard Group<\/strong>a consolidated business project in Mallorca with more than 30 establishments and 13 brands that share the same philosophy: to do things well, with identity and a vocation for quality.<\/p><p data-start=\"718\" data-end=\"1034\">Each of its spaces exudes a way of doing things that prioritises authenticity, attention to detail and a passion for offering unique experiences. Dakota Tex Mex is one of those places with soul, where tradition, ambience and flavour combine to create a gastronomic journey that will live on in the memory.<\/p>\t\t\t\t\t\t\t\t<\/div>\n\t\t\t\t<\/div>\n\t\t\t\t\t<\/div>\n\t\t\t\t<\/div>\n\t\t<div class=\"elementor-element elementor-element-594a91a e-flex e-con-boxed e-con e-parent\" data-id=\"594a91a\" data-element_type=\"container\" data-e-type=\"container\">\n\t\t\t\t\t<div class=\"e-con-inner\">\n\t\t\t\t<div class=\"elementor-element elementor-element-54211f6 elementor-align-center elementor-widget elementor-widget-button\" data-id=\"54211f6\" data-element_type=\"widget\" data-e-type=\"widget\" data-widget_type=\"button.default\">\n\t\t\t\t<div class=\"elementor-widget-container\">\n\t\t\t\t\t\t\t\t\t<div class=\"elementor-button-wrapper\">\n\t\t\t\t\t<a class=\"elementor-button elementor-button-link elementor-size-sm\" href=\"https:\/\/grupoboulevard.com\/corp\/\">\n\t\t\t\t\t\t<span class=\"elementor-button-content-wrapper\">\n\t\t\t\t\t\t\t\t\t<span class=\"elementor-button-text\">Find out more<\/span>\n\t\t\t\t\t<\/span>\n\t\t\t\t\t<\/a>\n\t\t\t\t<\/div>\n\t\t\t\t\t\t\t\t<\/div>\n\t\t\t\t<\/div>\n\t\t\t\t\t<\/div>\n\t\t\t\t<\/div>\n\t\t<div class=\"elementor-element elementor-element-9d15e73 e-con-full e-flex e-con e-parent\" data-id=\"9d15e73\" data-element_type=\"container\" data-e-type=\"container\" data-settings=\"{&quot;background_background&quot;:&quot;classic&quot;}\">\n\t\t<div class=\"elementor-element elementor-element-cb87aa6 e-con-full e-flex e-con e-child\" data-id=\"cb87aa6\" data-element_type=\"container\" data-e-type=\"container\" data-settings=\"{&quot;background_background&quot;:&quot;classic&quot;}\">\n\t\t<div class=\"elementor-element elementor-element-f8c50c8 e-flex e-con-boxed e-con e-child\" data-id=\"f8c50c8\" data-element_type=\"container\" data-e-type=\"container\">\n\t\t\t\t\t<div class=\"e-con-inner\">\n\t\t\t\t<div class=\"elementor-element elementor-element-2aa0a34 elementor-widget elementor-widget-image\" data-id=\"2aa0a34\" data-element_type=\"widget\" data-e-type=\"widget\" data-widget_type=\"image.default\">\n\t\t\t\t<div class=\"elementor-widget-container\">\n\t\t\t\t\t\t\t\t\t\t\t\t\t\t\t<img fetchpriority=\"high\" decoding=\"async\" width=\"1222\" height=\"729\" src=\"https:\/\/dakotatexmex.com\/wp-content\/uploads\/2023\/09\/PROJECTE-ZERO-logo.png\" class=\"attachment-full size-full wp-image-262\" alt=\"\" srcset=\"https:\/\/dakotatexmex.com\/wp-content\/uploads\/2023\/09\/PROJECTE-ZERO-logo.png 1222w, https:\/\/dakotatexmex.com\/wp-content\/uploads\/2023\/09\/PROJECTE-ZERO-logo-300x179.png 300w, https:\/\/dakotatexmex.com\/wp-content\/uploads\/2023\/09\/PROJECTE-ZERO-logo-1024x611.png 1024w, https:\/\/dakotatexmex.com\/wp-content\/uploads\/2023\/09\/PROJECTE-ZERO-logo-768x458.png 768w, https:\/\/dakotatexmex.com\/wp-content\/uploads\/2023\/09\/PROJECTE-ZERO-logo-18x12.png 18w\" sizes=\"(max-width: 1222px) 100vw, 1222px\" \/>\t\t\t\t\t\t\t\t\t\t\t\t\t\t\t<\/div>\n\t\t\t\t<\/div>\n\t\t\t\t<div class=\"elementor-element elementor-element-153c056 elementor-align-center elementor-widget elementor-widget-button\" data-id=\"153c056\" data-element_type=\"widget\" data-e-type=\"widget\" data-widget_type=\"button.default\">\n\t\t\t\t<div class=\"elementor-widget-container\">\n\t\t\t\t\t\t\t\t\t<div class=\"elementor-button-wrapper\">\n\t\t\t\t\t<a class=\"elementor-button elementor-button-link elementor-size-sm\" href=\"https:\/\/grupoboulevard.com\/corp\/projecte_zero\/\">\n\t\t\t\t\t\t<span class=\"elementor-button-content-wrapper\">\n\t\t\t\t\t\t\t\t\t<span class=\"elementor-button-text\">Learn more<\/span>\n\t\t\t\t\t<\/span>\n\t\t\t\t\t<\/a>\n\t\t\t\t<\/div>\n\t\t\t\t\t\t\t\t<\/div>\n\t\t\t\t<\/div>\n\t\t\t\t\t<\/div>\n\t\t\t\t<\/div>\n\t\t\t\t<\/div>\n\t\t\t\t<\/div>\n\t\t\t\t<\/div>","protected":false},"excerpt":{"rendered":"<p>DAKOTA TEX MEX ES PARTE DE GRUPO BOULEVARD La historia de Dakota Tex Mex comienza en 1993, de la mano de una familia mallorquina y de un sue\u00f1o: crear un aut\u00e9ntico restaurante tem\u00e1tico americano, con la esencia y el sabor del otro lado del Atl\u00e1ntico, pero siempre fiel a los mejores productos de aqu\u00ed. Detr\u00e1s [&hellip;]<\/p>\n","protected":false},"author":2,"featured_media":0,"parent":0,"menu_order":0,"comment_status":"closed","ping_status":"closed","template":"","meta":{"footnotes":""},"class_list":["post-952","page","type-page","status-publish","hentry"],"_links":{"self":[{"href":"https:\/\/dakotatexmex.com\/en\/wp-json\/wp\/v2\/pages\/952","targetHints":{"allow":["GET"]}}],"collection":[{"href":"https:\/\/dakotatexmex.com\/en\/wp-json\/wp\/v2\/pages"}],"about":[{"href":"https:\/\/dakotatexmex.com\/en\/wp-json\/wp\/v2\/types\/page"}],"author":[{"embeddable":true,"href":"https:\/\/dakotatexmex.com\/en\/wp-json\/wp\/v2\/users\/2"}],"replies":[{"embeddable":true,"href":"https:\/\/dakotatexmex.com\/en\/wp-json\/wp\/v2\/comments?post=952"}],"version-history":[{"count":127,"href":"https:\/\/dakotatexmex.com\/en\/wp-json\/wp\/v2\/pages\/952\/revisions"}],"predecessor-version":[{"id":3290,"href":"https:\/\/dakotatexmex.com\/en\/wp-json\/wp\/v2\/pages\/952\/revisions\/3290"}],"wp:attachment":[{"href":"https:\/\/dakotatexmex.com\/en\/wp-json\/wp\/v2\/media?parent=952"}],"curies":[{"name":"wp","href":"https:\/\/api.w.org\/{rel}","templated":true}]}}